{"id":14,"date":"2024-03-26T07:23:13","date_gmt":"2024-03-26T07:23:13","guid":{"rendered":"https:\/\/docs.vitalistsaglik.com\/?page_id=14"},"modified":"2024-04-01T19:30:49","modified_gmt":"2024-04-01T19:30:49","slug":"tercumanlar-icin-crm","status":"publish","type":"page","link":"https:\/\/docs.vitalistsaglik.com\/?page_id=14","title":{"rendered":"Terc\u00fcmanlar i\u00e7in CRM"},"content":{"rendered":"\n<p><strong>NOT:<\/strong> Hastan\u0131n operasyon i\u00e7in randevusu olu\u015fturulduysa hasta profilinde \u00f6deme b\u00f6l\u00fcm\u00fcnden &#8220;<strong>hasta \u00f6deme ekle<\/strong>&#8221; diyip paketini ve tutar\u0131n\u0131 se\u00e7melisiniz.<\/p>\n\n\n\n<figure class=\"wp-block-embed is-type-video is-provider-youtube wp-block-embed-youtube wp-embed-aspect-4-3 wp-has-aspect-ratio\"><div class=\"wp-block-embed__wrapper\">\n<iframe loading=\"lazy\" title=\"Terc\u00fcmanlar i\u00e7in CRM\" width=\"500\" height=\"375\" src=\"https:\/\/www.youtube.com\/embed\/ZsXcReUBORI?feature=oembed\" frameborder=\"0\" allow=\"accelerometer; autoplay; clipboard-write; encrypted-media; gyroscope; picture-in-picture; web-share\" referrerpolicy=\"strict-origin-when-cross-origin\" allowfullscreen><\/iframe>\n<\/div><\/figure>\n\n\n\n<figure class=\"wp-block-embed is-type-video is-provider-youtube wp-block-embed-youtube wp-embed-aspect-16-9 wp-has-aspect-ratio\"><div class=\"wp-block-embed__wrapper\">\n<iframe loading=\"lazy\" title=\"Analiz B\u00f6l\u00fcm\u00fc Detayl\u0131\" width=\"500\" height=\"281\" src=\"https:\/\/www.youtube.com\/embed\/arqw0cthkCc?feature=oembed\" frameborder=\"0\" allow=\"accelerometer; autoplay; clipboard-write; encrypted-media; gyroscope; picture-in-picture; web-share\" referrerpolicy=\"strict-origin-when-cross-origin\" allowfullscreen><\/iframe>\n<\/div><\/figure>\n\n\n\n<figure class=\"wp-block-embed is-type-video is-provider-youtube wp-block-embed-youtube wp-embed-aspect-16-9 wp-has-aspect-ratio\"><div class=\"wp-block-embed__wrapper\">\n<iframe loading=\"lazy\" title=\"Hasta Durumlar\u0131 ve Data Filtreleme\" width=\"500\" height=\"281\" src=\"https:\/\/www.youtube.com\/embed\/E_dqj2_zT8I?feature=oembed\" frameborder=\"0\" allow=\"accelerometer; autoplay; clipboard-write; encrypted-media; gyroscope; picture-in-picture; web-share\" referrerpolicy=\"strict-origin-when-cross-origin\" allowfullscreen><\/iframe>\n<\/div><\/figure>\n\n\n\n<figure class=\"wp-block-embed is-type-video is-provider-youtube wp-block-embed-youtube wp-embed-aspect-16-9 wp-has-aspect-ratio\"><div class=\"wp-block-embed__wrapper\">\n<iframe loading=\"lazy\" title=\"Rezervasyon Takvimi\" width=\"500\" height=\"281\" src=\"https:\/\/www.youtube.com\/embed\/qNuAZw6XXko?feature=oembed\" frameborder=\"0\" allow=\"accelerometer; autoplay; clipboard-write; encrypted-media; gyroscope; picture-in-picture; web-share\" referrerpolicy=\"strict-origin-when-cross-origin\" allowfullscreen><\/iframe>\n<\/div><\/figure>\n\n\n\n<p>Hasta ekleme:<br><br>Art\u0131k hasta eklerken ilk bilgileri(ad,soyad vb&#8230;) girdikten sonra <strong>anamnez<\/strong> ve <strong>analiz y\u00fckleme<\/strong> pencereleri ard arda geliyor e\u011fer hastadan bu bilgiler hen\u00fcz gelmemi\u015fse pencereleri kapatabilirsiniz.<\/p>\n\n\n\n<p>&#8212;&#8212;&#8212;&#8212;&#8212;&#8212;&#8212;&#8212;&#8212;&#8212;&#8212;&#8212;<\/p>\n\n\n\n<ul class=\"wp-block-list\">\n<li>Hasta ilk olarak eklendi\u011finde hasta tipi <strong>POTANS\u0130YEL<\/strong>, hasta durumu ise <strong>BEKLEYEN<\/strong> olarak sisteme kay\u0131t edilir.<\/li>\n\n\n\n<li>Hastaya ait ilk analiz girildi\u011finde hasta durumu <strong>ANAL\u0130Z S\u00dcREC\u0130NDE<\/strong> olarak sistemde g\u00f6r\u00fcn\u00fcr.<\/li>\n\n\n\n<li>Doktor veya analizi yapan ki\u015fi taraf\u0131ndan ilk analiz 5 ila 10 aras\u0131nda puanlan\u0131r ise hasta durumu <strong>EK\u0130ME UYGUN<\/strong> olarak sistemde g\u00f6r\u00fcn\u00fcr.<\/li>\n\n\n\n<li>Doktor veya analizi yapan ki\u015fi taraf\u0131ndan ilk analiz 1 ila 5 aras\u0131nda puanlan\u0131r ise hasta durumu <strong>\u0130PTAL<\/strong> olarak sistemde g\u00f6r\u00fcn\u00fcr.<\/li>\n<\/ul>\n\n\n\n<p>&#8212;&#8212;&#8212;&#8212;&#8212;&#8212;&#8212;&#8212;&#8212;&#8212;&#8212;&#8212;<\/p>\n\n\n\n<p>Hasta Durumu <strong>\u0130PTAL<\/strong> Olan Data Durumu:<\/p>\n\n\n\n<p><strong>\u0130PTAL<\/strong> \u015feklindeki hasta durumu sadece <strong>ekime uygun olmayan<\/strong> hasta durumu de\u011fildir. <br><br><strong>Kesinlikle ve kesinlikle tekrar ileti\u015fime ge\u00e7ilmeyecek<\/strong> olan herhangi bir sebepten dolay\u0131 ki\u015finin hasta durumunu <strong>\u0130PTAL<\/strong> durumuna alabilirsiniz.<br><br><strong>\u00d6rnek durumlar:<\/strong><\/p>\n\n\n\n<ul class=\"wp-block-list\">\n<li>Don\u00f6r b\u00f6lge yetersiz olabilir<\/li>\n\n\n\n<li>Hiv hepatit benzeri hastal\u0131k olabilir<\/li>\n\n\n\n<li>Keloid olabilir<\/li>\n\n\n\n<li>Problemli hasta<\/li>\n<\/ul>\n\n\n\n<p>&#8212;&#8212;&#8212;&#8212;&#8212;&#8212;&#8212;&#8212;&#8212;&#8212;&#8212;&#8212;<\/p>\n\n\n\n<p>Hasta Durumu <strong>TEKRAR \u0130LET\u0130\u015e\u0130ME GE\u00c7(RECONTACT) <\/strong>Olan Data Durumu:<\/p>\n\n\n\n<ul class=\"wp-block-list\">\n<li>Ekime uygun ki\u015filerdir.<\/li>\n\n\n\n<li>Fiyat\u0131 be\u011fenmeyebilir.<\/li>\n\n\n\n<li>U\u00e7ak bileti ayarlayamam\u0131\u015f olabilir.<\/li>\n\n\n\n<li>Analizden sonra cevap vermemi\u015f olabilir.<\/li>\n\n\n\n<li>&#8230;.<\/li>\n<\/ul>\n\n\n\n<p>Yukar\u0131da verilen \u00f6rnek olaylara uyan hastalar i\u00e7in hasta durumunu <strong>RECONTACT(TEKRAR \u0130LET\u0130\u015eEME GE\u00c7)<\/strong> olarak ayarlanmal\u0131d\u0131r.<\/p>\n\n\n\n<p>&#8212;&#8212;&#8212;&#8212;&#8212;&#8212;&#8212;&#8212;&#8212;&#8212;&#8212;&#8212;<\/p>\n\n\n\n<p>Data Filtreleme:<\/p>\n\n\n\n<ul class=\"wp-block-list\">\n<li>Analizi girilmeyen hastalar i\u00e7in <strong>Terc\u00fcman<\/strong> sekmesinde hasta durumunu: <strong>BEKLEYEN<\/strong><\/li>\n\n\n\n<li>Analizine cevap gelmeyen hastalar i\u00e7in <strong>Terc\u00fcman<\/strong> sekmesinde hasta durumunu: <strong>ANAL\u0130Z S\u00dcREC\u0130NDE<\/strong><\/li>\n\n\n\n<li>Analizinden ekime uygun hastalar i\u00e7in <strong>Terc\u00fcman<\/strong> sekmesinde hasta durumunu: <strong>EK\u0130ME UYGUN<\/strong><\/li>\n\n\n\n<li>Analizinden ekime uygun olmayan hastalar i\u00e7in <strong>Terc\u00fcman<\/strong> sekmesinde hasta durumunu: <strong>\u0130PTAL<\/strong> (Burada hasta notuna mutlaka, ekime uygun de\u011fil diye eklenmeli daha \u00f6ncesinde, \u00e7\u00fcnk\u00fc ba\u015fka nedenden de \u0130PTAL demi\u015f olabiliriz.)<\/li>\n\n\n\n<li>Aktif randevusu olu\u015fturulmu\u015f hastalar\u0131 g\u00f6rebilmek i\u00e7in <strong>Terc\u00fcman<\/strong> sekmesinde hasta durumunu: <strong>RANDEVU<\/strong><\/li>\n\n\n\n<li>Aktif ameliyat\u0131n\u0131 olmu\u015f y\u0131kama\/pansuman s\u00fcrecindeki hastalar\u0131 g\u00f6rebilmek i\u00e7in <strong>Terc\u00fcman <\/strong>sekmesinde hasta durumunu: <strong>S\u00dcRE\u00c7TE<\/strong><\/li>\n\n\n\n<li>Aktif olarak takip s\u00fcrecindeki hastalar\u0131 g\u00f6rebilmek i\u00e7in ilgili tarih aral\u0131\u011f\u0131n\u0131 se\u00e7ip hasta tipini: <strong>REEL<\/strong><\/li>\n\n\n\n<li>&#8230;<br><br>yukar\u0131da ki gibi se\u00e7enekleri i\u015faretleyerek istedi\u011finiz dataya ula\u015fabilirsiniz.<\/li>\n<\/ul>\n\n\n\n<p>&#8212;&#8212;&#8212;&#8212;&#8212;&#8212;&#8212;&#8212;&#8212;&#8212;&#8212;&#8212;<\/p>\n\n\n\n<p>Hasta durumu <strong>EK\u0130ME UYGUN<\/strong> ise ve <strong>RANDEVU<\/strong> olu\u015fturmak istiyor isek:<\/p>\n\n\n\n<p>Hasta isminin sol taraf\u0131nda yer alan <strong>DETAYLAR<\/strong> butonuna t\u0131klay\u0131p<\/p>\n\n\n\n<figure class=\"wp-block-image alignwide size-large is-style-rounded is-style-rounded--1\"><a href=\"https:\/\/docs.vitalistsaglik.com\/wp-content\/uploads\/2024\/03\/Ekran-Resmi-2024-03-26-14.26.10.png\"><img loading=\"lazy\" decoding=\"async\" width=\"1024\" height=\"269\" src=\"https:\/\/docs.vitalistsaglik.com\/wp-content\/uploads\/2024\/03\/Ekran-Resmi-2024-03-26-14.26.10-1024x269.png\" alt=\"\" class=\"wp-image-18\" srcset=\"https:\/\/docs.vitalistsaglik.com\/wp-content\/uploads\/2024\/03\/Ekran-Resmi-2024-03-26-14.26.10-1024x269.png 1024w, https:\/\/docs.vitalistsaglik.com\/wp-content\/uploads\/2024\/03\/Ekran-Resmi-2024-03-26-14.26.10-300x79.png 300w, https:\/\/docs.vitalistsaglik.com\/wp-content\/uploads\/2024\/03\/Ekran-Resmi-2024-03-26-14.26.10-768x202.png 768w, https:\/\/docs.vitalistsaglik.com\/wp-content\/uploads\/2024\/03\/Ekran-Resmi-2024-03-26-14.26.10-1536x404.png 1536w, https:\/\/docs.vitalistsaglik.com\/wp-content\/uploads\/2024\/03\/Ekran-Resmi-2024-03-26-14.26.10-2048x538.png 2048w\" sizes=\"auto, (max-width: 1024px) 100vw, 1024px\" \/><\/a><\/figure>\n\n\n\n<p>Hasta profiline gittikten sonra <strong>&#8220;Wizard&#8221;<\/strong> butonuna t\u0131klayarak:<br><br>Hastan\u0131n sa\u00e7 ekim s\u00fcreci ile alakal\u0131 olarak sisteme <strong>rezervasyon tarihi<\/strong>, <strong>u\u00e7ak bilgileri<\/strong> ve <strong>otele giri\u015f \u00e7\u0131k\u0131\u015f<\/strong> bilgilerini girebilirsiniz.<\/p>\n\n\n\n<ul class=\"wp-block-list\">\n<li>Bu bilgileri girdikten sonra ise hasta durumu art\u0131k <strong>&#8220;RANDEVU&#8221;<\/strong> ingilizce <strong>&#8220;APPOINTMENT&#8221;<\/strong> olarak g\u00f6z\u00fck\u00fcr.<\/li>\n\n\n\n<li>Ameliyat saati belirlendikten sonra terc\u00fcmanlar <strong>&#8220;REZERVASYON&#8221;<\/strong> sekmesinde; ilgili tarihleri girdikten sonra ameliyat saatini g\u00f6r\u00fcnt\u00fcleyebilir. Buna ek olarak yine sa\u011f taraf\u0131ndaki \u00fc\u00e7 noktaya basarak olu\u015fturulan rezervasyonla ilgili bir <strong>&#8220;NOT&#8221;<\/strong> ekleyebilir.<\/li>\n\n\n\n<li>Hastaya surgery randevusu olu\u015fturulduktan sonra hasta tipi otomatik olarak potensiyelden <strong>REEL<\/strong> olur.<\/li>\n\n\n\n<li>Hastan\u0131n ameliyat g\u00fcn\u00fcnden sonraki ilk g\u00fcn i\u00e7in hasta durumunu <strong>&#8220;S\u00dcRE\u00c7TE&#8221;<\/strong> olarak de\u011fi\u015ftirmelisiniz.<\/li>\n\n\n\n<li>S\u00fcre\u00e7teki hastaya yani ameliyat g\u00fcn\u00fcnden sonraki g\u00fcnler i\u00e7in ilk \u00f6nce <strong>&#8220;PANSUMAN&#8221;<\/strong> sonraki g\u00fcn i\u00e7inde <strong>&#8220;YIKAMA&#8221;<\/strong> randevusu, randevu sekmesinden olu\u015fturulmal\u0131d\u0131r.<\/li>\n\n\n\n<li>Hasta \u00fclkesine d\u00f6nd\u00fc\u011f\u00fc andan itibaren veya normalde takip\u00e7iye ne zaman atan\u0131yorsa hasta i\u015fte o zaman hasta durumunu d\u00fczenleyip <strong>&#8220;TAK\u0130P&#8221;<\/strong> durumunu se\u00e7ip alt\u0131ndan da ilgili terc\u00fcman\u0131 se\u00e7melisiniz.<\/li>\n<\/ul>\n","protected":false},"excerpt":{"rendered":"<p>NOT: Hastan\u0131n operasyon i\u00e7in randevusu olu\u015fturulduysa hasta profilinde \u00f6deme b\u00f6l\u00fcm\u00fcnden &#8220;hasta \u00f6deme ekle&#8221; diyip paketini ve tutar\u0131n\u0131 se\u00e7melisiniz. Hasta ekleme: Art\u0131k hasta eklerken ilk bilgileri(ad,soyad vb&#8230;) girdikten sonra anamnez ve analiz y\u00fckleme pencereleri ard arda geliyor e\u011fer hastadan bu bilgiler hen\u00fcz gelmemi\u015fse pencereleri kapatabilirsiniz. &#8212;&#8212;&#8212;&#8212;&#8212;&#8212;&#8212;&#8212;&#8212;&#8212;&#8212;&#8212; &#8212;&#8212;&#8212;&#8212;&#8212;&#8212;&#8212;&#8212;&#8212;&#8212;&#8212;&#8212; Hasta Durumu \u0130PTAL Olan Data Durumu: \u0130PTAL \u015feklindeki hasta [&hellip;]<\/p>\n","protected":false},"author":1,"featured_media":0,"parent":0,"menu_order":0,"comment_status":"closed","ping_status":"closed","template":"","meta":{"footnotes":""},"class_list":["post-14","page","type-page","status-publish","hentry"],"_links":{"self":[{"href":"https:\/\/docs.vitalistsaglik.com\/index.php?rest_route=\/wp\/v2\/pages\/14","targetHints":{"allow":["GET"]}}],"collection":[{"href":"https:\/\/docs.vitalistsaglik.com\/index.php?rest_route=\/wp\/v2\/pages"}],"about":[{"href":"https:\/\/docs.vitalistsaglik.com\/index.php?rest_route=\/wp\/v2\/types\/page"}],"author":[{"embeddable":true,"href":"https:\/\/docs.vitalistsaglik.com\/index.php?rest_route=\/wp\/v2\/users\/1"}],"replies":[{"embeddable":true,"href":"https:\/\/docs.vitalistsaglik.com\/index.php?rest_route=%2Fwp%2Fv2%2Fcomments&post=14"}],"version-history":[{"count":20,"href":"https:\/\/docs.vitalistsaglik.com\/index.php?rest_route=\/wp\/v2\/pages\/14\/revisions"}],"predecessor-version":[{"id":45,"href":"https:\/\/docs.vitalistsaglik.com\/index.php?rest_route=\/wp\/v2\/pages\/14\/revisions\/45"}],"wp:attachment":[{"href":"https:\/\/docs.vitalistsaglik.com\/index.php?rest_route=%2Fwp%2Fv2%2Fmedia&parent=14"}],"curies":[{"name":"wp","href":"https:\/\/api.w.org\/{rel}","templated":true}]}}