{"id":38,"date":"2024-03-29T12:00:15","date_gmt":"2024-03-29T12:00:15","guid":{"rendered":"https:\/\/docs.vitalistsaglik.com\/?page_id=38"},"modified":"2024-05-03T07:09:31","modified_gmt":"2024-05-03T07:09:31","slug":"takipciler-icin-crm","status":"publish","type":"page","link":"https:\/\/docs.vitalistsaglik.com\/?page_id=38","title":{"rendered":"Takip\u00e7iler i\u00e7in CRM"},"content":{"rendered":"\n<figure class=\"wp-block-embed is-type-video is-provider-youtube wp-block-embed-youtube wp-embed-aspect-16-9 wp-has-aspect-ratio\"><div class=\"wp-block-embed__wrapper\">\n<iframe loading=\"lazy\" title=\"Takip\u00e7iler\" width=\"500\" height=\"281\" src=\"https:\/\/www.youtube.com\/embed\/8Wl54Vbapu0?feature=oembed\" frameborder=\"0\" allow=\"accelerometer; autoplay; clipboard-write; encrypted-media; gyroscope; picture-in-picture; web-share\" referrerpolicy=\"strict-origin-when-cross-origin\" allowfullscreen><\/iframe>\n<\/div><\/figure>\n\n\n\n<h2 class=\"wp-block-heading\">NOT: Hasta size atand\u0131\u011f\u0131nda mutlaka doktor se\u00e7imi yap\u0131n hasta profilindeki d\u00fczenle butonundan.<\/h2>\n\n\n\n<p>Takip\u00e7i ekran\u0131nda analiz s\u00fcre filtresi ameliyat tarihinden sonras\u0131 olacak \u015fekilde \u00e7al\u0131\u015fmaktad\u0131r. Sizi ilgilendiren s\u00fcreler bildi\u011finiz gibi 3. g\u00fcn ve sonras\u0131ndaki tarihler.<\/p>\n\n\n\n<p>Burada takip\u00e7ilerin &#8220;ilk analiz&#8221; filtresi ile bir i\u015fi yok. Analiz g\u00f6nderirkende kesinlikle ilk analiz olarak g\u00f6nderim yapmamal\u0131lar. \u0130lk analizi sadece ter\u00fcmanlar g\u00f6ndermeli.<\/p>\n\n\n\n<p>Hastadan foto\u011fraf istediyseniz ilgili hastan\u0131n hasta durumunu &#8220;Photo_waiting&#8221; olarak de\u011fi\u015ftirmelisiniz. Bu yapaca\u011f\u0131n\u0131z \u015fey birden fazla takip etti\u011finiz datalar i\u00e7in olduk\u00e7a i\u015fe yaracakt\u0131r.<br><br>Hastadan gelen foto\u011fraf\u0131 analiz i\u00e7in doktora g\u00f6nderdi\u011finizde ise hasta durumunu &#8220;Follow_on_proccess&#8221; olarak d\u00fczenlemelisiniz. Bu hasta durumu doktordan analiz i\u00e7in cevap beklenildi\u011fini a\u00e7\u0131klar.<br><br>Doktordan cevap gelip gelmedi\u011fini bildirimlerden ve hasta kart\u0131nda analiz b\u00f6l\u00fcm\u00fcnden g\u00f6rebilirsiniz.<\/p>\n\n\n\n<p>Doktordan analiz cevab\u0131 geldikten sonra hasta durumu kesinlikle &#8220;follow&#8221; durumuna \u00e7ekmelisiniz. Follow durumuna \u00e7ekilmeyen hastalar analiz s\u00fcresi filtrelemede g\u00f6z\u00fckmez ve sistemde kar\u0131\u015f\u0131kl\u0131k olur.<\/p>\n","protected":false},"excerpt":{"rendered":"<p>NOT: Hasta size atand\u0131\u011f\u0131nda mutlaka doktor se\u00e7imi yap\u0131n hasta profilindeki d\u00fczenle butonundan. Takip\u00e7i ekran\u0131nda analiz s\u00fcre filtresi ameliyat tarihinden sonras\u0131 olacak \u015fekilde \u00e7al\u0131\u015fmaktad\u0131r. Sizi ilgilendiren s\u00fcreler bildi\u011finiz gibi 3. g\u00fcn ve sonras\u0131ndaki tarihler. Burada takip\u00e7ilerin &#8220;ilk analiz&#8221; filtresi ile bir i\u015fi yok. Analiz g\u00f6nderirkende kesinlikle ilk analiz olarak g\u00f6nderim yapmamal\u0131lar. \u0130lk analizi sadece ter\u00fcmanlar g\u00f6ndermeli. [&hellip;]<\/p>\n","protected":false},"author":1,"featured_media":0,"parent":0,"menu_order":0,"comment_status":"closed","ping_status":"closed","template":"","meta":{"footnotes":""},"class_list":["post-38","page","type-page","status-publish","hentry"],"_links":{"self":[{"href":"https:\/\/docs.vitalistsaglik.com\/index.php?rest_route=\/wp\/v2\/pages\/38","targetHints":{"allow":["GET"]}}],"collection":[{"href":"https:\/\/docs.vitalistsaglik.com\/index.php?rest_route=\/wp\/v2\/pages"}],"about":[{"href":"https:\/\/docs.vitalistsaglik.com\/index.php?rest_route=\/wp\/v2\/types\/page"}],"author":[{"embeddable":true,"href":"https:\/\/docs.vitalistsaglik.com\/index.php?rest_route=\/wp\/v2\/users\/1"}],"replies":[{"embeddable":true,"href":"https:\/\/docs.vitalistsaglik.com\/index.php?rest_route=%2Fwp%2Fv2%2Fcomments&post=38"}],"version-history":[{"count":3,"href":"https:\/\/docs.vitalistsaglik.com\/index.php?rest_route=\/wp\/v2\/pages\/38\/revisions"}],"predecessor-version":[{"id":55,"href":"https:\/\/docs.vitalistsaglik.com\/index.php?rest_route=\/wp\/v2\/pages\/38\/revisions\/55"}],"wp:attachment":[{"href":"https:\/\/docs.vitalistsaglik.com\/index.php?rest_route=%2Fwp%2Fv2%2Fmedia&parent=38"}],"curies":[{"name":"wp","href":"https:\/\/api.w.org\/{rel}","templated":true}]}}