{"id":40,"date":"2024-03-29T14:15:11","date_gmt":"2024-03-29T14:15:11","guid":{"rendered":"https:\/\/docs.vitalistsaglik.com\/?page_id=40"},"modified":"2024-03-29T14:15:11","modified_gmt":"2024-03-29T14:15:11","slug":"doktorlar-icin-crm","status":"publish","type":"page","link":"https:\/\/docs.vitalistsaglik.com\/?page_id=40","title":{"rendered":"Doktorlar i\u00e7in CRM"},"content":{"rendered":"\n<figure class=\"wp-block-embed is-type-video is-provider-youtube wp-block-embed-youtube wp-embed-aspect-16-9 wp-has-aspect-ratio\"><div class=\"wp-block-embed__wrapper\">\n<iframe loading=\"lazy\" title=\"Doktorlar i\u00e7in CRM\" width=\"500\" height=\"281\" src=\"https:\/\/www.youtube.com\/embed\/PPyICO7ekH4?feature=oembed\" frameborder=\"0\" allow=\"accelerometer; autoplay; clipboard-write; encrypted-media; gyroscope; picture-in-picture; web-share\" referrerpolicy=\"strict-origin-when-cross-origin\" allowfullscreen><\/iframe>\n<\/div><\/figure>\n\n\n\n<p>Analiz b\u00f6l\u00fcm\u00fcnde terc\u00fcmanlardan gelen analizleri de\u011ferlendirip sonu\u00e7land\u0131rmal\u0131s\u0131n\u0131z.<\/p>\n\n\n\n<p>Gelen analizdeki foto\u011fraf net de\u011filse analiz durumunu d\u00fczenlemede yap\u0131p not oalarakta tekrar foto\u011fraf istedi\u011finizi belirtmelisiniz.<\/p>\n\n\n\n<p>Ba\u015far\u0131 puan\u0131 5 ila 10 aras\u0131nda ise ekime uygun, 1 ila 5 aras\u0131nda ise ekime uygun de\u011fil olarak sistemde yer al\u0131r.<\/p>\n\n\n\n<p>Tekrar foto\u011fraf istemedi\u011finiz her durumda analiz durumunu bittiye \u00e7ekmelisiniz ki analizi de\u011ferlendirme sonucunuz terc\u00fcmanlar\u0131n ekran\u0131na yans\u0131s\u0131n.<\/p>\n\n\n\n<p>Bunlar d\u0131\u015f\u0131nda herhangi bir hastay\u0131 incelemek isterseniz Doktor\/Hasta ekran\u0131nda hastalar\u0131 listeleyebilirsiniz. Hastalar\u0131 listelerken isim, email, hasta durumu, \u00fclke, dil, terc\u00fcman, &#8230; gibi filtrelemeler ile istedi\u011finiz hastay\u0131 daha kolay bir \u015fekilde bulabilirsiniz.<\/p>\n","protected":false},"excerpt":{"rendered":"<p>Analiz b\u00f6l\u00fcm\u00fcnde terc\u00fcmanlardan gelen analizleri de\u011ferlendirip sonu\u00e7land\u0131rmal\u0131s\u0131n\u0131z. Gelen analizdeki foto\u011fraf net de\u011filse analiz durumunu d\u00fczenlemede yap\u0131p not oalarakta tekrar foto\u011fraf istedi\u011finizi belirtmelisiniz. Ba\u015far\u0131 puan\u0131 5 ila 10 aras\u0131nda ise ekime uygun, 1 ila 5 aras\u0131nda ise ekime uygun de\u011fil olarak sistemde yer al\u0131r. Tekrar foto\u011fraf istemedi\u011finiz her durumda analiz durumunu bittiye \u00e7ekmelisiniz ki analizi de\u011ferlendirme [&hellip;]<\/p>\n","protected":false},"author":1,"featured_media":0,"parent":0,"menu_order":0,"comment_status":"closed","ping_status":"closed","template":"","meta":{"footnotes":""},"class_list":["post-40","page","type-page","status-publish","hentry"],"_links":{"self":[{"href":"https:\/\/docs.vitalistsaglik.com\/index.php?rest_route=\/wp\/v2\/pages\/40","targetHints":{"allow":["GET"]}}],"collection":[{"href":"https:\/\/docs.vitalistsaglik.com\/index.php?rest_route=\/wp\/v2\/pages"}],"about":[{"href":"https:\/\/docs.vitalistsaglik.com\/index.php?rest_route=\/wp\/v2\/types\/page"}],"author":[{"embeddable":true,"href":"https:\/\/docs.vitalistsaglik.com\/index.php?rest_route=\/wp\/v2\/users\/1"}],"replies":[{"embeddable":true,"href":"https:\/\/docs.vitalistsaglik.com\/index.php?rest_route=%2Fwp%2Fv2%2Fcomments&post=40"}],"version-history":[{"count":1,"href":"https:\/\/docs.vitalistsaglik.com\/index.php?rest_route=\/wp\/v2\/pages\/40\/revisions"}],"predecessor-version":[{"id":41,"href":"https:\/\/docs.vitalistsaglik.com\/index.php?rest_route=\/wp\/v2\/pages\/40\/revisions\/41"}],"wp:attachment":[{"href":"https:\/\/docs.vitalistsaglik.com\/index.php?rest_route=%2Fwp%2Fv2%2Fmedia&parent=40"}],"curies":[{"name":"wp","href":"https:\/\/api.w.org\/{rel}","templated":true}]}}