{"id":42,"date":"2024-03-31T10:51:27","date_gmt":"2024-03-31T10:51:27","guid":{"rendered":"https:\/\/docs.vitalistsaglik.com\/?page_id=42"},"modified":"2024-03-31T10:51:27","modified_gmt":"2024-03-31T10:51:27","slug":"hastane-ekibi-icin-crm","status":"publish","type":"page","link":"https:\/\/docs.vitalistsaglik.com\/?page_id=42","title":{"rendered":"Hastane Ekibi i\u00e7in CRM"},"content":{"rendered":"\n<figure class=\"wp-block-embed is-type-video is-provider-youtube wp-block-embed-youtube wp-embed-aspect-16-9 wp-has-aspect-ratio\"><div class=\"wp-block-embed__wrapper\">\n<iframe loading=\"lazy\" title=\"Hastane Ekibi\" width=\"500\" height=\"281\" src=\"https:\/\/www.youtube.com\/embed\/GgPZkFXpKvk?feature=oembed\" frameborder=\"0\" allow=\"accelerometer; autoplay; clipboard-write; encrypted-media; gyroscope; picture-in-picture; web-share\" referrerpolicy=\"strict-origin-when-cross-origin\" allowfullscreen><\/iframe>\n<\/div><\/figure>\n\n\n\n<p>Hastane ekibi operasyon sonras\u0131 sa\u00e7 ekimi ile alakal\u0131 bilgileri sisteme giri\u015f yapt\u0131ktan sonra ilgili tarihleri se\u00e7ip, hasta durumu SURGERY olan hastalar\u0131n operasyon bilgilerini girmelidir.<\/p>\n\n\n\n<p>Bunun i\u00e7in datan\u0131n en sa\u011f\u0131nda bulunan 3 noktaya t\u0131klamal\u0131s\u0131n\u0131z daha sonra operasyon s\u00fcreci se\u00e7ene\u011fine t\u0131klay\u0131p t\u00fcm bilgileri girdikten sonra kaydetmelisiniz. Burada hi\u00e7bir gerekli bilgiyi bo\u015f b\u0131rakmamal\u0131s\u0131n\u0131z<\/p>\n\n\n\n<p>Operasyon bilgileri d\u0131\u015f\u0131nda hastalar\u0131n y\u0131kama ve pansuman g\u00fcnlerinde re\u00e7etelerini girmelisiniz.<\/p>\n\n\n\n<p>Bu ekrana ula\u015fmak i\u00e7in yine ad\u0131mlar\u0131m\u0131z ayn\u0131, t\u00fcm bilgileri girip kaydetmelisiniz.<\/p>\n","protected":false},"excerpt":{"rendered":"<p>Hastane ekibi operasyon sonras\u0131 sa\u00e7 ekimi ile alakal\u0131 bilgileri sisteme giri\u015f yapt\u0131ktan sonra ilgili tarihleri se\u00e7ip, hasta durumu SURGERY olan hastalar\u0131n operasyon bilgilerini girmelidir. Bunun i\u00e7in datan\u0131n en sa\u011f\u0131nda bulunan 3 noktaya t\u0131klamal\u0131s\u0131n\u0131z daha sonra operasyon s\u00fcreci se\u00e7ene\u011fine t\u0131klay\u0131p t\u00fcm bilgileri girdikten sonra kaydetmelisiniz. Burada hi\u00e7bir gerekli bilgiyi bo\u015f b\u0131rakmamal\u0131s\u0131n\u0131z Operasyon bilgileri d\u0131\u015f\u0131nda hastalar\u0131n y\u0131kama [&hellip;]<\/p>\n","protected":false},"author":1,"featured_media":0,"parent":0,"menu_order":0,"comment_status":"closed","ping_status":"closed","template":"","meta":{"footnotes":""},"class_list":["post-42","page","type-page","status-publish","hentry"],"_links":{"self":[{"href":"https:\/\/docs.vitalistsaglik.com\/index.php?rest_route=\/wp\/v2\/pages\/42","targetHints":{"allow":["GET"]}}],"collection":[{"href":"https:\/\/docs.vitalistsaglik.com\/index.php?rest_route=\/wp\/v2\/pages"}],"about":[{"href":"https:\/\/docs.vitalistsaglik.com\/index.php?rest_route=\/wp\/v2\/types\/page"}],"author":[{"embeddable":true,"href":"https:\/\/docs.vitalistsaglik.com\/index.php?rest_route=\/wp\/v2\/users\/1"}],"replies":[{"embeddable":true,"href":"https:\/\/docs.vitalistsaglik.com\/index.php?rest_route=%2Fwp%2Fv2%2Fcomments&post=42"}],"version-history":[{"count":1,"href":"https:\/\/docs.vitalistsaglik.com\/index.php?rest_route=\/wp\/v2\/pages\/42\/revisions"}],"predecessor-version":[{"id":43,"href":"https:\/\/docs.vitalistsaglik.com\/index.php?rest_route=\/wp\/v2\/pages\/42\/revisions\/43"}],"wp:attachment":[{"href":"https:\/\/docs.vitalistsaglik.com\/index.php?rest_route=%2Fwp%2Fv2%2Fmedia&parent=42"}],"curies":[{"name":"wp","href":"https:\/\/api.w.org\/{rel}","templated":true}]}}