{"id":7,"date":"2024-03-26T06:47:44","date_gmt":"2024-03-26T06:47:44","guid":{"rendered":"https:\/\/docs.vitalistsaglik.com\/?page_id=7"},"modified":"2024-03-26T06:56:49","modified_gmt":"2024-03-26T06:56:49","slug":"crm-tercuman","status":"publish","type":"page","link":"https:\/\/docs.vitalistsaglik.com\/","title":{"rendered":"CRM"},"content":{"rendered":"\n<p>Terc\u00fcmanlar i\u00e7in d\u00f6k\u00fcman<\/p>\n\n\n\n<p>Takip\u00e7iler i\u00e7in d\u00f6k\u00fcman<\/p>\n\n\n\n<p>Doktorlar i\u00e7in d\u00f6k\u00fcman<\/p>\n\n\n\n<p>Hastane ekip lideri i\u00e7in d\u00f6k\u00fcman <\/p>\n\n\n\n<p>Hastane ekibi i\u00e7in d\u00f6k\u00fcman<\/p>\n\n\n\n<p>Transfer planlay\u0131c\u0131 i\u00e7in d\u00f6k\u00fcman<\/p>\n\n\n\n<p>\u015eof\u00f6rler i\u00e7in d\u00f6k\u00fcman<\/p>\n\n\n\n<p><br><\/p>\n","protected":false},"excerpt":{"rendered":"<p>Terc\u00fcmanlar i\u00e7in d\u00f6k\u00fcman Takip\u00e7iler i\u00e7in d\u00f6k\u00fcman Doktorlar i\u00e7in d\u00f6k\u00fcman Hastane ekip lideri i\u00e7in d\u00f6k\u00fcman Hastane ekibi i\u00e7in d\u00f6k\u00fcman Transfer planlay\u0131c\u0131 i\u00e7in d\u00f6k\u00fcman \u015eof\u00f6rler i\u00e7in d\u00f6k\u00fcman<\/p>\n","protected":false},"author":1,"featured_media":0,"parent":0,"menu_order":0,"comment_status":"closed","ping_status":"closed","template":"","meta":{"footnotes":""},"class_list":["post-7","page","type-page","status-publish","hentry"],"_links":{"self":[{"href":"https:\/\/docs.vitalistsaglik.com\/index.php?rest_route=\/wp\/v2\/pages\/7","targetHints":{"allow":["GET"]}}],"collection":[{"href":"https:\/\/docs.vitalistsaglik.com\/index.php?rest_route=\/wp\/v2\/pages"}],"about":[{"href":"https:\/\/docs.vitalistsaglik.com\/index.php?rest_route=\/wp\/v2\/types\/page"}],"author":[{"embeddable":true,"href":"https:\/\/docs.vitalistsaglik.com\/index.php?rest_route=\/wp\/v2\/users\/1"}],"replies":[{"embeddable":true,"href":"https:\/\/docs.vitalistsaglik.com\/index.php?rest_route=%2Fwp%2Fv2%2Fcomments&post=7"}],"version-history":[{"count":2,"href":"https:\/\/docs.vitalistsaglik.com\/index.php?rest_route=\/wp\/v2\/pages\/7\/revisions"}],"predecessor-version":[{"id":10,"href":"https:\/\/docs.vitalistsaglik.com\/index.php?rest_route=\/wp\/v2\/pages\/7\/revisions\/10"}],"wp:attachment":[{"href":"https:\/\/docs.vitalistsaglik.com\/index.php?rest_route=%2Fwp%2Fv2%2Fmedia&parent=7"}],"curies":[{"name":"wp","href":"https:\/\/api.w.org\/{rel}","templated":true}]}}